{"id":882,"date":"2015-02-10T19:21:05","date_gmt":"2015-02-10T19:21:05","guid":{"rendered":"http:\/\/nodiroli.ticyweb.ch\/home\/"},"modified":"2019-10-18T09:10:25","modified_gmt":"2019-10-18T07:10:25","slug":"home","status":"publish","type":"page","link":"https:\/\/www.nodiroli.ch\/de\/","title":{"rendered":"Home"},"content":{"rendered":"<p><div class=\"fusion-fullwidth fullwidth-box fusion-builder-row-1 nonhundred-percent-fullwidth non-hundred-percent-height-scrolling\" style=\"--awb-background-position:left top;--awb-border-radius-top-left:0px;--awb-border-radius-top-right:0px;--awb-border-radius-bottom-right:0px;--awb-border-radius-bottom-left:0px;--awb-padding-top:150px;--awb-padding-bottom:105px;--awb-border-sizes-top:0px;--awb-border-sizes-bottom:0px;--awb-flex-wrap:wrap;\" ><div class=\"fusion-builder-row fusion-row\"><div class=\"fusion-layout-column fusion_builder_column fusion-builder-column-0 fusion_builder_column_1_3 1_3 fusion-one-third fusion-column-first\" style=\"--awb-bg-size:cover;--awb-margin-bottom:40px;width:30.6666%; margin-right: 4%;\"><div class=\"fusion-column-wrapper fusion-flex-column-wrapper-legacy\"><div class=\"fusion-text fusion-text-1\"><h3>Willkommen auf der Internetseite der<br \/>\nImmobiliare Nodiroli &amp; Co und<br \/>\nVerwaltungen Nodiroli AG<\/h3>\n<\/div><div class=\"fusion-sep-clear\"><\/div><div class=\"fusion-separator fusion-clearfix\" style=\"float:left;margin-top:20px;margin-bottom:35px;width:100%;max-width:170px;\"><div class=\"fusion-separator-border sep-single sep-solid\" style=\"--awb-height:20px;--awb-amount:20px;--awb-sep-color:#e2e3e8;border-color:#e2e3e8;border-top-width:3px;\"><\/div><\/div><div class=\"fusion-sep-clear\"><\/div><div class=\"fusion-text fusion-text-2\"><h4><em>Seit 1968 sind wir professionell<br \/>\n<\/em><em>und kompetent auf dem<br \/>\n<\/em><em>Immobilienmarkt im Tessin t\u00e4tig.<\/em><\/h4>\n<\/div><div class=\"fusion-clearfix\"><\/div><\/div><\/div><div class=\"fusion-layout-column fusion_builder_column fusion-builder-column-1 fusion_builder_column_1_3 1_3 fusion-one-third\" style=\"--awb-bg-size:cover;--awb-margin-top:30px;--awb-margin-bottom:0px;width:30.6666%; margin-right: 4%;\"><div class=\"fusion-column-wrapper fusion-flex-column-wrapper-legacy\"><div class=\"fusion-text fusion-text-3\"><p><img decoding=\"async\" class=\"wp-image-31 aligncenter\" src=\"http:\/\/www.nodiroli.ch\/wp-content\/uploads\/2015\/02\/home-image1.jpg\" alt=\"\" width=\"349\" height=\"245\" \/><\/p>\n<\/div><div class=\"fusion-clearfix\"><\/div><\/div><\/div><div class=\"fusion-layout-column fusion_builder_column fusion-builder-column-2 fusion_builder_column_1_3 1_3 fusion-one-third fusion-column-last\" style=\"--awb-padding-top:20px;--awb-bg-size:cover;width:30.6666%;\"><div class=\"fusion-column-wrapper fusion-flex-column-wrapper-legacy\"><div class=\"fusion-text fusion-text-4\"><p>Die Gesellschaft wurde im Jahr 1968 von Ivan Nodiroli gegr\u00fcndet und wird nun von seinen S\u00f6hnen Claudio und Gary Nodiroli gef\u00fchrt. Seit vielen Jahren ist sie auf dem Immobilienmarkt professionell und kompetent t\u00e4tig.<\/p>\n<p>Seit dem Jahr 2013 wird die\u00a0 Verwaltung von Liegenschaften durch eine eigens hierf\u00fcr gegr\u00fcndete Gesellschaft betreut, die Verwaltungen Nodiroli AG (Amministrazioni Nodiroli SA).<\/p>\n<\/div><div class=\"fusion-clearfix\"><\/div><\/div><\/div><\/div><\/div><div class=\"fusion-bg-parallax\" data-bg-align=\"center center\" data-direction=\"left\" data-mute=\"false\" data-opacity=\"100\" data-velocity=\"-0.7\" data-mobile-enabled=\"false\" data-break_parents=\"0\" data-bg-image=\"http:\/\/www.nodiroli.ch\/wp-content\/uploads\/2015\/02\/home-section1.jpg\" data-bg-repeat=\"false\" ><\/div><div class=\"fusion-fullwidth fullwidth-box fusion-builder-row-2 fusion-parallax-left nonhundred-percent-fullwidth non-hundred-percent-height-scrolling\" style=\"--awb-border-color:transparent;--awb-border-radius-top-left:0px;--awb-border-radius-top-right:0px;--awb-border-radius-bottom-right:0px;--awb-border-radius-bottom-left:0px;--awb-padding-top:110px;--awb-padding-bottom:110px;--awb-background-image:url(&quot;http:\/\/www.nodiroli.ch\/wp-content\/uploads\/2015\/02\/home-section1.jpg&quot;);--awb-background-size:cover;--awb-border-sizes-top:0px;--awb-border-sizes-bottom:0px;--awb-flex-wrap:wrap;\" ><div class=\"fusion-builder-row fusion-row\"><div class=\"fusion-layout-column fusion_builder_column fusion-builder-column-3 fusion_builder_column_1_1 1_1 fusion-one-full fusion-column-first fusion-column-last fusion-column-no-min-height fusion-column-inner-bg-wrapper\" style=\"--awb-inner-bg-size:cover;--awb-margin-bottom:0px;\"><span class=\"fusion-column-inner-bg hover-type-none\"><a class=\"fusion-column-anchor\" href=\"http:\/\/www.nodiroli.ch\/de\/angebote\/\"><span class=\"fusion-column-inner-bg-image\"><\/span><\/a><\/span><div class=\"fusion-column-wrapper fusion-flex-column-wrapper-legacy\"><div class=\"fusion-text fusion-text-5\"><h4><span style=\"color: #ffffff; font-size: 30px; letter-spacing: 2px;\">UNSERE ANGEBOTE<\/span><\/h4>\n<\/div><div class=\"fusion-clearfix\"><\/div><\/div><\/div><\/div><\/div><div class=\"fusion-fullwidth fullwidth-box fusion-builder-row-3 nonhundred-percent-fullwidth non-hundred-percent-height-scrolling\" style=\"--awb-background-position:left top;--awb-border-radius-top-left:0px;--awb-border-radius-top-right:0px;--awb-border-radius-bottom-right:0px;--awb-border-radius-bottom-left:0px;--awb-padding-top:110px;--awb-padding-bottom:90px;--awb-border-sizes-top:0px;--awb-border-sizes-bottom:0px;--awb-flex-wrap:wrap;\" ><div class=\"fusion-builder-row fusion-row\"><div class=\"fusion-layout-column fusion_builder_column fusion-builder-column-4 fusion_builder_column_1_3 1_3 fusion-one-third fusion-column-first\" style=\"--awb-bg-position:right center;--awb-bg-size:cover;--awb-border-color:#e0dede;--awb-border-right:3px;--awb-border-style:solid;--awb-margin-bottom:0px;width:30.6666%; margin-right: 4%;\"><div class=\"fusion-column-wrapper fusion-flex-column-wrapper-legacy\"><div class=\"fusion-text fusion-text-6\"><h2>NEUSTE<br \/>\nANGEBOTE<\/h2>\n<\/div><div class=\"fusion-clearfix\"><\/div><\/div><\/div><div class=\"fusion-layout-column fusion_builder_column fusion-builder-column-5 fusion_builder_column_2_3 2_3 fusion-two-third fusion-column-last\" style=\"--awb-bg-size:cover;--awb-margin-bottom:175px;width:65.3333%;\"><div class=\"fusion-column-wrapper fusion-flex-column-wrapper-legacy\"><div class=\"fusion-text fusion-text-7\"><h3>Unsere neusten Angebote<\/h3>\n<\/div><div class=\"fusion-clearfix\"><\/div><\/div><\/div><div class=\"fusion-layout-column fusion_builder_column fusion-builder-column-6 fusion_builder_column_1_1 1_1 fusion-one-full fusion-column-first fusion-column-last fusion-column-no-min-height\" style=\"--awb-bg-size:cover;--awb-margin-bottom:0px;\"><div class=\"fusion-column-wrapper fusion-flex-column-wrapper-legacy\">\t<div class=\"ich-settings-main-wrap\">\n\t\t<section class=\"wcp-slick\"  data-total_properties = 3 data-slidestoshow = 3 data-style = 3>\n\t\t\t\t\t\t\t<div style=\"padding:10px;\" class=\"slick-slide\">\n\t\t\t\t\t<div class=\"landz-box-property box-grid\">\n    \t<a target=\"\" class=\"hover-effect image image-fill\" href=\"https:\/\/www.nodiroli.ch\/de\/property\/parkplaetze-im-zentrum-von-locarno\/\">\n\t\t<span class=\"cover\"><\/span>\n\t\t<img decoding=\"async\" width=\"640\" height=\"404\" src=\"https:\/\/www.nodiroli.ch\/wp-content\/uploads\/2018\/08\/515-caROSsa-internet-x.jpg\" class=\"img-responsive wp-post-image\" alt=\"\" data-pid=\"1362\" srcset=\"https:\/\/www.nodiroli.ch\/wp-content\/uploads\/2018\/08\/515-caROSsa-internet-x-200x126.jpg 200w, https:\/\/www.nodiroli.ch\/wp-content\/uploads\/2018\/08\/515-caROSsa-internet-x-300x189.jpg 300w, https:\/\/www.nodiroli.ch\/wp-content\/uploads\/2018\/08\/515-caROSsa-internet-x-320x202.jpg 320w, https:\/\/www.nodiroli.ch\/wp-content\/uploads\/2018\/08\/515-caROSsa-internet-x-400x253.jpg 400w, https:\/\/www.nodiroli.ch\/wp-content\/uploads\/2018\/08\/515-caROSsa-internet-x-600x379.jpg 600w, https:\/\/www.nodiroli.ch\/wp-content\/uploads\/2018\/08\/515-caROSsa-internet-x.jpg 640w\" sizes=\"(max-width: 640px) 100vw, 640px\" \/>\t\t<h3 class=\"title\">Parkpl\u00e4tze im Zentrum von Locarno<\/h3>\n\t<\/a>\n\t<span class=\"price\">\n\t\t\t\t\t<span class=\"rem-price-amount\"><span class=\"rem-currency-symbol\">&#67;&#72;&#70;<\/span>&nbsp;160<\/span> monatlich\t\t\t<\/span>\n\t<span class=\"address\"><i class=\"fa fa-map-marker\"><\/i> Via Orelli 19, 6600 Locarno<\/span>\n\t<span class=\"description\">Wir vermieten Parkl\u00e4tze in der Autoeinstellhalle des Geb\u00e4udes in der Via Orelli 19. &nbsp;<\/span>\n\t\n\t            <div class=\"detail\">\n                <table class=\"table table-bordered\">\n                                                                                                                                                                                        <tr>\n                                    <td title=\"Kategorie\"><i class=\"fa fa-arrows\"><\/i><\/td>\n                                    <td> m\u00b2 <\/td>\n                                <\/tr>\n                                                                    <\/table>\n            <\/div>\n        \n    \n\t<div class=\"footer\">\n\t\t<a target=\"\" class=\"btn btn-default\" href=\"https:\/\/www.nodiroli.ch\/de\/property\/parkplaetze-im-zentrum-von-locarno\/\">Details<\/a>\n\t<\/div>\n<\/div>\t\t\t\t<\/div>\n\t\t\t\t\t\t\t<div style=\"padding:10px;\" class=\"slick-slide\">\n\t\t\t\t\t<div class=\"landz-box-property box-grid\">\n    \t<a target=\"\" class=\"hover-effect image image-fill\" href=\"https:\/\/www.nodiroli.ch\/de\/property\/4187\/\">\n\t\t<span class=\"cover\"><\/span>\n\t\t<img decoding=\"async\" width=\"2560\" height=\"1920\" src=\"https:\/\/www.nodiroli.ch\/wp-content\/uploads\/2024\/08\/facciata-8-scaled.jpg\" class=\"img-responsive wp-post-image\" alt=\"\" data-pid=\"4187\" srcset=\"https:\/\/www.nodiroli.ch\/wp-content\/uploads\/2024\/08\/facciata-8-200x150.jpg 200w, https:\/\/www.nodiroli.ch\/wp-content\/uploads\/2024\/08\/facciata-8-300x225.jpg 300w, https:\/\/www.nodiroli.ch\/wp-content\/uploads\/2024\/08\/facciata-8-400x300.jpg 400w, https:\/\/www.nodiroli.ch\/wp-content\/uploads\/2024\/08\/facciata-8-600x450.jpg 600w, https:\/\/www.nodiroli.ch\/wp-content\/uploads\/2024\/08\/facciata-8-768x576.jpg 768w, https:\/\/www.nodiroli.ch\/wp-content\/uploads\/2024\/08\/facciata-8-800x600.jpg 800w, https:\/\/www.nodiroli.ch\/wp-content\/uploads\/2024\/08\/facciata-8-1024x768.jpg 1024w, https:\/\/www.nodiroli.ch\/wp-content\/uploads\/2024\/08\/facciata-8-1200x900.jpg 1200w, https:\/\/www.nodiroli.ch\/wp-content\/uploads\/2024\/08\/facciata-8-1536x1152.jpg 1536w, https:\/\/www.nodiroli.ch\/wp-content\/uploads\/2024\/08\/facciata-8-scaled.jpg 2560w\" sizes=\"(max-width: 2560px) 100vw, 2560px\" \/>\t\t<h3 class=\"title\">Zu vermieten 4.5 Zimmerwohnung in Bellinzona<\/h3>\n\t<\/a>\n\t<span class=\"price\">\n\t\t\t\t\t<span class=\"rem-price-amount\"><span class=\"rem-currency-symbol\">&#67;&#72;&#70;<\/span>&nbsp;1.600<\/span> pro Monat + Spesen\t\t\t<\/span>\n\t<span class=\"address\"><i class=\"fa fa-map-marker\"><\/i> Via Ripari Tondi 29 Bellinzona<\/span>\n\t<span class=\"description\">Zu vermieten 4.5 Zimmer-Wohnung in Bellinzona, Via Ripari Tondi 29. Die Wohnung ist am 1.&hellip;<\/span>\n\t\n\t            <div class=\"detail\">\n                <table class=\"table table-bordered\">\n                                                                                <tr>\n                                    <td title=\"Betten\"><i class=\"fa fa-bed\"><\/i><\/td>\n                                    <td>3 <\/td>\n                                <\/tr>\n                                                                                                                <tr>\n                                    <td title=\"Badezimmer\"><i class=\"fa fa-bath\"><\/i><\/td>\n                                    <td>2 <\/td>\n                                <\/tr>\n                                                                                                                <tr>\n                                    <td title=\"Kategorie\"><i class=\"fa fa-arrows\"><\/i><\/td>\n                                    <td> m\u00b2 <\/td>\n                                <\/tr>\n                                                                    <\/table>\n            <\/div>\n        \n    \n\t<div class=\"footer\">\n\t\t<a target=\"\" class=\"btn btn-default\" href=\"https:\/\/www.nodiroli.ch\/de\/property\/4187\/\">Details<\/a>\n\t<\/div>\n<\/div>\t\t\t\t<\/div>\n\t\t\t\t\t\t\t<div style=\"padding:10px;\" class=\"slick-slide\">\n\t\t\t\t\t<div class=\"landz-box-property box-grid\">\n    \t<a target=\"\" class=\"hover-effect image image-fill\" href=\"https:\/\/www.nodiroli.ch\/de\/property\/rustico-mondada-val-bavona\/\">\n\t\t<span class=\"cover\"><\/span>\n\t\t<img decoding=\"async\" width=\"2560\" height=\"1440\" src=\"https:\/\/www.nodiroli.ch\/wp-content\/uploads\/2024\/01\/NLUT39531-scaled-e1719583071659.jpg\" class=\"img-responsive wp-post-image\" alt=\"\" data-pid=\"4573\" \/>\t\t<h3 class=\"title\">Rustico Mondada- Val Bavona<\/h3>\n\t<\/a>\n\t<span class=\"price\">\n\t\t\t\t\t<span class=\"rem-price-amount\"><span class=\"rem-currency-symbol\">&#67;&#72;&#70;<\/span>&nbsp;445.000<\/span>\t\t\t<\/span>\n\t<span class=\"address\"><i class=\"fa fa-map-marker\"><\/i> <\/span>\n\t<span class=\"description\">Lage Das Rustico befindet sich im Val Bavona, im Ortsteil Mondada von Cevio, im Gemeindegebiet&hellip;<\/span>\n\t\n\t            <div class=\"detail\">\n                <table class=\"table table-bordered\">\n                                                                                <tr>\n                                    <td title=\"Betten\"><i class=\"fa fa-bed\"><\/i><\/td>\n                                    <td>1 <\/td>\n                                <\/tr>\n                                                                                                                <tr>\n                                    <td title=\"Badezimmer\"><i class=\"fa fa-bath\"><\/i><\/td>\n                                    <td>1 <\/td>\n                                <\/tr>\n                                                                                                                <tr>\n                                    <td title=\"Kategorie\"><i class=\"fa fa-arrows\"><\/i><\/td>\n                                    <td>1960 m\u00b2 <\/td>\n                                <\/tr>\n                                                                    <\/table>\n            <\/div>\n        \n    \n\t<div class=\"footer\">\n\t\t<a target=\"\" class=\"btn btn-default\" href=\"https:\/\/www.nodiroli.ch\/de\/property\/rustico-mondada-val-bavona\/\">Details<\/a>\n\t<\/div>\n<\/div>\t\t\t\t<\/div>\n\t\t\t\t\t<\/section>\t\t\t\t\t\n\t<\/div>\n<div class=\"fusion-clearfix\"><\/div><\/div><\/div><\/div><\/div><\/p>\n","protected":false},"excerpt":{"rendered":"","protected":false},"author":1,"featured_media":0,"parent":0,"menu_order":0,"comment_status":"closed","ping_status":"open","template":"100-width.php","meta":{"footnotes":""},"_links":{"self":[{"href":"https:\/\/www.nodiroli.ch\/de\/wp-json\/wp\/v2\/pages\/882"}],"collection":[{"href":"https:\/\/www.nodiroli.ch\/de\/wp-json\/wp\/v2\/pages"}],"about":[{"href":"https:\/\/www.nodiroli.ch\/de\/wp-json\/wp\/v2\/types\/page"}],"author":[{"embeddable":true,"href":"https:\/\/www.nodiroli.ch\/de\/wp-json\/wp\/v2\/users\/1"}],"replies":[{"embeddable":true,"href":"https:\/\/www.nodiroli.ch\/de\/wp-json\/wp\/v2\/comments?post=882"}],"version-history":[{"count":14,"href":"https:\/\/www.nodiroli.ch\/de\/wp-json\/wp\/v2\/pages\/882\/revisions"}],"predecessor-version":[{"id":2137,"href":"https:\/\/www.nodiroli.ch\/de\/wp-json\/wp\/v2\/pages\/882\/revisions\/2137"}],"wp:attachment":[{"href":"https:\/\/www.nodiroli.ch\/de\/wp-json\/wp\/v2\/media?parent=882"}],"curies":[{"name":"wp","href":"https:\/\/api.w.org\/{rel}","templated":true}]}}